{"id":342,"date":"2016-02-10T14:05:14","date_gmt":"2016-02-10T14:05:14","guid":{"rendered":"http:\/\/test.kriesi.at\/new-spa\/?page_id=342"},"modified":"2020-07-08T04:10:47","modified_gmt":"2020-07-08T04:10:47","slug":"programs","status":"publish","type":"page","link":"https:\/\/dr-diana.com\/es\/programs\/","title":{"rendered":"Programas"},"content":{"rendered":"<div id='full_slider_1'  class='avia-fullwidth-slider main_color avia-shadow   avia-builder-el-0  el_before_av_section  avia-builder-el-first   container_wrap fullsize'  >\n<style type=\"text\/css\" data-created_by=\"avia_inline_auto\" id=\"style-css-av-9c8mbm-334e66bc652a30ca3ef052429b644f8d\">\n#top #wrap_all .avia-slideshow .av-slideshow-caption.av-9c8mbm-334e66bc652a30ca3ef052429b644f8d__0 .avia-caption-title{\nfont-size:30px;\n}\n#top .avia-slideshow .av-slideshow-caption.av-9c8mbm-334e66bc652a30ca3ef052429b644f8d__0 .avia-caption-content{\nfont-size:15px;\n}\n#top .avia-slideshow .av-slideshow-caption.av-9c8mbm-334e66bc652a30ca3ef052429b644f8d__0 .avia-caption-content p{\nfont-size:15px;\n}\n<\/style>\n<div  class='avia-slideshow av-9c8mbm-334e66bc652a30ca3ef052429b644f8d avia-slideshow-no scaling av_slideshow_full avia-fade-slider av-slideshow-ui av-control-minimal av-slideshow-manual av-loop-once av-loop-manual-endless av-default-height-applied   avia-slideshow-1' data-slideshow-options=\"{&quot;animation&quot;:&quot;fade&quot;,&quot;autoplay&quot;:false,&quot;loop_autoplay&quot;:&quot;once&quot;,&quot;interval&quot;:5,&quot;loop_manual&quot;:&quot;manual-endless&quot;,&quot;autoplay_stopper&quot;:false,&quot;noNavigation&quot;:false,&quot;bg_slider&quot;:false,&quot;keep_padding&quot;:false,&quot;hoverpause&quot;:false,&quot;show_slide_delay&quot;:0}\"  itemprop=\"image\" itemscope=\"itemscope\" itemtype=\"https:\/\/schema.org\/ImageObject\" ><ul class='avia-slideshow-inner' style='padding-bottom: 48.148148148148%;'><li  class='avia-slideshow-slide av-9c8mbm-334e66bc652a30ca3ef052429b644f8d__0  av-single-slide slide-1 slide-odd'><div data-rel='slideshow-1' class='avia-slide-wrap'   ><img decoding=\"async\" fetchpriority=\"high\" class=\"wp-image-935 avia-img-lazy-loading-not-935\"  src=\"https:\/\/dr-diana.com\/wp-content\/uploads\/2020\/06\/Transformational-Leadership.png\" width=\"1350\" height=\"650\" title='Transformational Leadership' alt=''  itemprop=\"thumbnailUrl\" srcset=\"https:\/\/dr-diana.com\/wp-content\/uploads\/2020\/06\/Transformational-Leadership.png 1350w, https:\/\/dr-diana.com\/wp-content\/uploads\/2020\/06\/Transformational-Leadership-300x144.png 300w, https:\/\/dr-diana.com\/wp-content\/uploads\/2020\/06\/Transformational-Leadership-1030x496.png 1030w, https:\/\/dr-diana.com\/wp-content\/uploads\/2020\/06\/Transformational-Leadership-768x370.png 768w, https:\/\/dr-diana.com\/wp-content\/uploads\/2020\/06\/Transformational-Leadership-705x339.png 705w, https:\/\/dr-diana.com\/wp-content\/uploads\/2020\/06\/Transformational-Leadership-600x289.png 600w\" sizes=\"(max-width: 1350px) 100vw, 1350px\" \/><\/div><\/li><\/ul><\/div><\/div>\n<div id='av_section_1'  class='avia-section av-902euy-ca6687cf15402348f6f41b0cb04722b7 main_color avia-section-huge avia-no-border-styling  avia-builder-el-1  el_after_av_slideshow_full  el_before_av_layout_row  avia-bg-style-scroll container_wrap fullsize'  ><div class='container av-section-cont-open' ><div class='template-page content  av-content-full alpha units'><div class='post-entry post-entry-type-page post-entry-342'><div class='entry-content-wrapper clearfix'>\n\n<style type=\"text\/css\" data-created_by=\"avia_inline_auto\" id=\"style-css-av-kc2qi0s9-b94d0a52f3cb5391b349b6a98d5cd931\">\n#top .av-special-heading.av-kc2qi0s9-b94d0a52f3cb5391b349b6a98d5cd931{\npadding-bottom:20px;\nfont-size:40px;\n}\nbody .av-special-heading.av-kc2qi0s9-b94d0a52f3cb5391b349b6a98d5cd931 .av-special-heading-tag .heading-char{\nfont-size:25px;\n}\n#top #wrap_all .av-special-heading.av-kc2qi0s9-b94d0a52f3cb5391b349b6a98d5cd931 .av-special-heading-tag{\nfont-size:40px;\n}\n.av-special-heading.av-kc2qi0s9-b94d0a52f3cb5391b349b6a98d5cd931 .av-subheading{\nfont-size:15px;\n}\n\n@media only screen and (min-width: 480px) and (max-width: 767px){ \n#top #wrap_all .av-special-heading.av-kc2qi0s9-b94d0a52f3cb5391b349b6a98d5cd931 .av-special-heading-tag{\nfont-size:0.8em;\n}\n}\n\n@media only screen and (max-width: 479px){ \n#top #wrap_all .av-special-heading.av-kc2qi0s9-b94d0a52f3cb5391b349b6a98d5cd931 .av-special-heading-tag{\nfont-size:0.8em;\n}\n}\n<\/style>\n<div  class='av-special-heading av-kc2qi0s9-b94d0a52f3cb5391b349b6a98d5cd931 av-special-heading-h1 blockquote modern-quote modern-centered  avia-builder-el-2  avia-builder-el-no-sibling  av-inherit-size'><h1 class='av-special-heading-tag'  itemprop=\"headline\"  >Programas que logran el cambio desde la esencia.<\/h1><div class=\"special-heading-border\"><div class=\"special-heading-inner-border\"><\/div><\/div><\/div>\n\n<\/div><\/div><\/div><!-- close content main div --><\/div><\/div><div id='av-layout-grid-1'  class='av-layout-grid-container av-6n8og2-e782b6c0b711a55d5db6ea88878367bf entry-content-wrapper main_color av-flex-cells  avia-builder-el-3  el_after_av_section  el_before_av_layout_row  grid-row-not-first  container_wrap fullsize'  >\n\n<style type=\"text\/css\" data-created_by=\"avia_inline_auto\" id=\"style-css-av-6i1y82-9a1f7a027770088be58978f99d30a9ad\">\n.flex_cell.av-6i1y82-9a1f7a027770088be58978f99d30a9ad{\nvertical-align:middle;\n}\n.responsive #top #wrap_all .flex_cell.av-6i1y82-9a1f7a027770088be58978f99d30a9ad{\npadding:80px 80px 80px 80px !important;\n}\n<\/style>\n<div class='flex_cell av-6i1y82-9a1f7a027770088be58978f99d30a9ad av-gridrow-cell av_one_half no_margin  avia-builder-el-4  el_before_av_cell_one_half  avia-builder-el-first'  ><div class='flex_cell_inner'><p>\n<style type=\"text\/css\" data-created_by=\"avia_inline_auto\" id=\"style-css-av-av_heading-616d74781c0e407103504aca798e2aab\">\n#top .av-special-heading.av-av_heading-616d74781c0e407103504aca798e2aab{\npadding-bottom:10px;\n}\nbody .av-special-heading.av-av_heading-616d74781c0e407103504aca798e2aab .av-special-heading-tag .heading-char{\nfont-size:25px;\n}\n.av-special-heading.av-av_heading-616d74781c0e407103504aca798e2aab .av-subheading{\nfont-size:15px;\n}\n<\/style>\n<div  class='av-special-heading av-av_heading-616d74781c0e407103504aca798e2aab av-special-heading-h2 blockquote modern-quote  avia-builder-el-5  el_before_av_textblock  avia-builder-el-first'><h2 class='av-special-heading-tag'  itemprop=\"headline\"  >Sesi\u00f3n individual<\/h2><div class=\"special-heading-border\"><div class=\"special-heading-inner-border\"><\/div><\/div><\/div><br \/>\n<section  class='av_textblock_section av-6a6336-f7b8272a9fceaa4f533f2b2025d0a160'   itemscope=\"itemscope\" itemtype=\"https:\/\/schema.org\/CreativeWork\" ><div class='avia_textblock'  itemprop=\"text\" ><p>A trav\u00e9s de sesiones personales, por Skype, por tel\u00e9fono o en persona, como entrenador de vida, lo ayudar\u00e9 a sanar los bloqueos emocionales a trav\u00e9s de la programaci\u00f3n neuroling\u00fc\u00edstica dejando de lado los miedos, las indecisiones, la tristeza, el sufrimiento, los apegos, etc. para que pueda disfrutar de una vida plena y saludable. . Tendr\u00e1 la oportunidad de descubrir su prop\u00f3sito de vida, transformar patrones de pensamiento y crear un plan de acci\u00f3n para alcanzar con \u00e9xito sus objetivos personales y profesionales.<\/p>\n<\/div><\/section><\/p>\n<\/div><\/div>\n<style type=\"text\/css\" data-created_by=\"avia_inline_auto\" id=\"style-css-av-61q1ve-bdfc040a097fe1f1964a0d27c4fa0094\">\n.flex_cell.av-61q1ve-bdfc040a097fe1f1964a0d27c4fa0094{\nvertical-align:bottom;\n}\n.responsive #top #wrap_all .flex_cell.av-61q1ve-bdfc040a097fe1f1964a0d27c4fa0094{\npadding:0px 0px 0px 0px !important;\n}\n<\/style>\n<div class='flex_cell av-61q1ve-bdfc040a097fe1f1964a0d27c4fa0094 av-gridrow-cell av_one_half no_margin  avia-builder-el-7  el_after_av_cell_one_half  avia-builder-el-last  av-zero-padding'  ><div class='flex_cell_inner'>\n<style type=\"text\/css\" data-created_by=\"avia_inline_auto\" id=\"style-css-av-5uofgy-aca7d96f8f6a8e8da3b9f5e00fe210ed\">\n.avia-image-container.av-5uofgy-aca7d96f8f6a8e8da3b9f5e00fe210ed img.avia_image{\nbox-shadow:none;\n}\n.avia-image-container.av-5uofgy-aca7d96f8f6a8e8da3b9f5e00fe210ed .av-image-caption-overlay-center{\ncolor:#ffffff;\n}\n<\/style>\n<div  class='avia-image-container av-5uofgy-aca7d96f8f6a8e8da3b9f5e00fe210ed av-styling-no-styling avia-align-center  avia-builder-el-8  avia-builder-el-no-sibling'   itemprop=\"image\" itemscope=\"itemscope\" itemtype=\"https:\/\/schema.org\/ImageObject\" ><div class=\"avia-image-container-inner\"><div class=\"avia-image-overlay-wrap\"><img decoding=\"async\" fetchpriority=\"high\" class='wp-image-566 avia-img-lazy-loading-not-566 avia_image' src=\"https:\/\/dr-diana.com\/wp-content\/uploads\/2020\/05\/individual-session.jpg\" alt='' title='individual-session'  height=\"533\" width=\"800\"  itemprop=\"thumbnailUrl\" srcset=\"https:\/\/dr-diana.com\/wp-content\/uploads\/2020\/05\/individual-session.jpg 800w, https:\/\/dr-diana.com\/wp-content\/uploads\/2020\/05\/individual-session-300x200.jpg 300w, https:\/\/dr-diana.com\/wp-content\/uploads\/2020\/05\/individual-session-768x512.jpg 768w, https:\/\/dr-diana.com\/wp-content\/uploads\/2020\/05\/individual-session-705x470.jpg 705w, https:\/\/dr-diana.com\/wp-content\/uploads\/2020\/05\/individual-session-600x400.jpg 600w\" sizes=\"(max-width: 800px) 100vw, 800px\" \/><\/div><\/div><\/div>\n<\/div><\/div><\/div><div id='av-layout-grid-2'  class='av-layout-grid-container av-5o1j5u-db4fa5046735c5ea6c2857e5e7b8945e entry-content-wrapper main_color av-flex-cells  avia-builder-el-9  el_after_av_layout_row  el_before_av_layout_row  grid-row-not-first  container_wrap fullsize'  >\n\n<style type=\"text\/css\" data-created_by=\"avia_inline_auto\" id=\"style-css-av-5m11le-0b322981a530c152c02f49ac09f287cf\">\n.flex_cell.av-5m11le-0b322981a530c152c02f49ac09f287cf{\nvertical-align:middle;\n}\n.responsive #top #wrap_all .flex_cell.av-5m11le-0b322981a530c152c02f49ac09f287cf{\npadding:0px 0px 0px 0px !important;\n}\n<\/style>\n<div class='flex_cell av-5m11le-0b322981a530c152c02f49ac09f287cf av-gridrow-cell av_one_half no_margin  avia-builder-el-10  el_before_av_cell_one_half  avia-builder-el-first  av-zero-padding'  ><div class='flex_cell_inner'>\n<style type=\"text\/css\" data-created_by=\"avia_inline_auto\" id=\"style-css-av-5eyi0i-116b5e3d18d7be9db5d3aeb5388a1c6e\">\n.avia-image-container.av-5eyi0i-116b5e3d18d7be9db5d3aeb5388a1c6e img.avia_image{\nbox-shadow:none;\n}\n.avia-image-container.av-5eyi0i-116b5e3d18d7be9db5d3aeb5388a1c6e .av-image-caption-overlay-center{\ncolor:#ffffff;\n}\n<\/style>\n<div  class='avia-image-container av-5eyi0i-116b5e3d18d7be9db5d3aeb5388a1c6e av-styling-no-styling avia-align-center  avia-builder-el-11  avia-builder-el-no-sibling'   itemprop=\"image\" itemscope=\"itemscope\" itemtype=\"https:\/\/schema.org\/ImageObject\" ><div class=\"avia-image-container-inner\"><div class=\"avia-image-overlay-wrap\"><img decoding=\"async\" fetchpriority=\"high\" class='wp-image-567 avia-img-lazy-loading-not-567 avia_image' src=\"https:\/\/dr-diana.com\/wp-content\/uploads\/2020\/05\/workshop.jpg\" alt='' title='workshop'  height=\"533\" width=\"800\"  itemprop=\"thumbnailUrl\" srcset=\"https:\/\/dr-diana.com\/wp-content\/uploads\/2020\/05\/workshop.jpg 800w, https:\/\/dr-diana.com\/wp-content\/uploads\/2020\/05\/workshop-300x200.jpg 300w, https:\/\/dr-diana.com\/wp-content\/uploads\/2020\/05\/workshop-768x512.jpg 768w, https:\/\/dr-diana.com\/wp-content\/uploads\/2020\/05\/workshop-705x470.jpg 705w, https:\/\/dr-diana.com\/wp-content\/uploads\/2020\/05\/workshop-600x400.jpg 600w\" sizes=\"(max-width: 800px) 100vw, 800px\" \/><\/div><\/div><\/div>\n<\/div><\/div>\n<style type=\"text\/css\" data-created_by=\"avia_inline_auto\" id=\"style-css-av-ixco2-7858234e58a9f380be3322927a5326ab\">\n.flex_cell.av-ixco2-7858234e58a9f380be3322927a5326ab{\nvertical-align:middle;\n}\n.responsive #top #wrap_all .flex_cell.av-ixco2-7858234e58a9f380be3322927a5326ab{\npadding:80px 80px 80px 80px !important;\n}\n<\/style>\n<div class='flex_cell av-ixco2-7858234e58a9f380be3322927a5326ab av-gridrow-cell av_one_half no_margin  avia-builder-el-12  el_after_av_cell_one_half  avia-builder-el-last'  ><div class='flex_cell_inner'><p>\n<style type=\"text\/css\" data-created_by=\"avia_inline_auto\" id=\"style-css-av-kbgs14un-d6ea0ef96ffdda488c9cba2ff2bb965e\">\n#top .av-special-heading.av-kbgs14un-d6ea0ef96ffdda488c9cba2ff2bb965e{\npadding-bottom:10px;\n}\nbody .av-special-heading.av-kbgs14un-d6ea0ef96ffdda488c9cba2ff2bb965e .av-special-heading-tag .heading-char{\nfont-size:25px;\n}\n.av-special-heading.av-kbgs14un-d6ea0ef96ffdda488c9cba2ff2bb965e .av-subheading{\nfont-size:15px;\n}\n<\/style>\n<div  class='av-special-heading av-kbgs14un-d6ea0ef96ffdda488c9cba2ff2bb965e av-special-heading-h2 blockquote modern-quote  avia-builder-el-13  el_before_av_textblock  avia-builder-el-first'><h2 class='av-special-heading-tag'  itemprop=\"headline\"  >Talleres de trabajo<\/h2><div class=\"special-heading-border\"><div class=\"special-heading-inner-border\"><\/div><\/div><\/div><br \/>\n<section  class='av_textblock_section av-4te5pm-35864a7da6795dec11915ecfa2765872'   itemscope=\"itemscope\" itemtype=\"https:\/\/schema.org\/CreativeWork\" ><div class='avia_textblock'  itemprop=\"text\" ><p>A trav\u00e9s de t\u00e9cnicas y ejercicios b\u00e1sicos de varias terapias dirigidas a desarrollar habilidades personales e interpersonales, su equipo podr\u00e1 desarrollar las habilidades y actitudes necesarias para superar desaf\u00edos, incertidumbre e indecisi\u00f3n, enfocando a los l\u00edderes en la misi\u00f3n, visi\u00f3n y valores de la organizaci\u00f3n, a la que pertenecen Los participantes lograr\u00e1n cambios extraordinarios, mayor integraci\u00f3n, compromiso, productividad y \u00e9xito de la empresa.<\/p>\n<\/div><\/section><\/p>\n<\/div><\/div>\n<\/div><\/p>\n<div id='av-layout-grid-3'  class='av-layout-grid-container av-4p24fe-8c86f89608b1e2c3d84a5cd15759aa3c entry-content-wrapper main_color av-flex-cells  avia-builder-el-15  el_after_av_layout_row  avia-builder-el-last  grid-row-not-first  container_wrap fullsize'  >\n\n<style type=\"text\/css\" data-created_by=\"avia_inline_auto\" id=\"style-css-av-4iu55m-97a13170229057a886b845b7e6de48ed\">\n.flex_cell.av-4iu55m-97a13170229057a886b845b7e6de48ed{\nvertical-align:middle;\n}\n.responsive #top #wrap_all .flex_cell.av-4iu55m-97a13170229057a886b845b7e6de48ed{\npadding:80px 80px 80px 80px !important;\n}\n<\/style>\n<div class='flex_cell av-4iu55m-97a13170229057a886b845b7e6de48ed av-gridrow-cell av_one_half no_margin  avia-builder-el-16  el_before_av_cell_one_half  avia-builder-el-first'  ><div class='flex_cell_inner'><p>\n<style type=\"text\/css\" data-created_by=\"avia_inline_auto\" id=\"style-css-av-9l0se-d78fbdc85e266beeb26e6e32b0224c2f\">\n#top .av-special-heading.av-9l0se-d78fbdc85e266beeb26e6e32b0224c2f{\npadding-bottom:10px;\n}\nbody .av-special-heading.av-9l0se-d78fbdc85e266beeb26e6e32b0224c2f .av-special-heading-tag .heading-char{\nfont-size:25px;\n}\n.av-special-heading.av-9l0se-d78fbdc85e266beeb26e6e32b0224c2f .av-subheading{\nfont-size:15px;\n}\n<\/style>\n<div  class='av-special-heading av-9l0se-d78fbdc85e266beeb26e6e32b0224c2f av-special-heading-h2 blockquote modern-quote  avia-builder-el-17  el_before_av_textblock  avia-builder-el-first'><h2 class='av-special-heading-tag'  itemprop=\"headline\"  >Conferencias<\/h2><div class=\"special-heading-border\"><div class=\"special-heading-inner-border\"><\/div><\/div><\/div><br \/>\n<section  class='av_textblock_section av-46b3i2-55fc8f872e2e18f58ddd0ecdfebd6518'   itemscope=\"itemscope\" itemtype=\"https:\/\/schema.org\/CreativeWork\" ><div class='avia_textblock'  itemprop=\"text\" ><p>Como conferencista motivacional, se presentan discursos nacionales e internacionales para diversos p\u00fablicos, compartiendo temas de desarrollo personal: liderazgo, motivaci\u00f3n, autoestima, programaci\u00f3n neuroling\u00fc\u00edstica e inteligencia emocional para que los participantes aprendan a liderar, sus propias vidas a trav\u00e9s de t\u00e9cnicas de empoderamiento y ejercicios interactivos. que hacen sentir un encuentro de emociones que tiene como objetivo despertar la pasi\u00f3n, la inspiraci\u00f3n y el entusiasmo para obtener resultados poderosos en la vida.<\/p>\n<\/div><\/section><\/p>\n<\/div><\/div>\n<style type=\"text\/css\" data-created_by=\"avia_inline_auto\" id=\"style-css-av-42cfp6-1695c6326e8b387447751e8bb3a5d122\">\n.flex_cell.av-42cfp6-1695c6326e8b387447751e8bb3a5d122{\nvertical-align:middle;\n}\n.responsive #top #wrap_all .flex_cell.av-42cfp6-1695c6326e8b387447751e8bb3a5d122{\npadding:0px 0px 0px 0px !important;\n}\n<\/style>\n<div class='flex_cell av-42cfp6-1695c6326e8b387447751e8bb3a5d122 av-gridrow-cell av_one_half no_margin  avia-builder-el-19  el_after_av_cell_one_half  avia-builder-el-last  av-zero-padding'  ><div class='flex_cell_inner'>\n<style type=\"text\/css\" data-created_by=\"avia_inline_auto\" id=\"style-css-av-3w3vle-3567caa2efd7d0e2999fb712b4a2fcd0\">\n.avia-image-container.av-3w3vle-3567caa2efd7d0e2999fb712b4a2fcd0 img.avia_image{\nbox-shadow:none;\n}\n.avia-image-container.av-3w3vle-3567caa2efd7d0e2999fb712b4a2fcd0 .av-image-caption-overlay-center{\ncolor:#ffffff;\n}\n<\/style>\n<div  class='avia-image-container av-3w3vle-3567caa2efd7d0e2999fb712b4a2fcd0 av-styling- avia-align-center  avia-builder-el-20  avia-builder-el-no-sibling'   itemprop=\"image\" itemscope=\"itemscope\" itemtype=\"https:\/\/schema.org\/ImageObject\" ><div class=\"avia-image-container-inner\"><div class=\"avia-image-overlay-wrap\"><img decoding=\"async\" fetchpriority=\"high\" class='wp-image-524 avia-img-lazy-loading-not-524 avia_image' src=\"https:\/\/dr-diana.com\/wp-content\/uploads\/2020\/05\/diana-about2.jpg\" alt='' title=''  height=\"720\" width=\"1500\"  itemprop=\"thumbnailUrl\" srcset=\"https:\/\/dr-diana.com\/wp-content\/uploads\/2020\/05\/diana-about2.jpg 1500w, https:\/\/dr-diana.com\/wp-content\/uploads\/2020\/05\/diana-about2-600x288.jpg 600w, https:\/\/dr-diana.com\/wp-content\/uploads\/2020\/05\/diana-about2-300x144.jpg 300w, https:\/\/dr-diana.com\/wp-content\/uploads\/2020\/05\/diana-about2-1030x494.jpg 1030w, https:\/\/dr-diana.com\/wp-content\/uploads\/2020\/05\/diana-about2-768x369.jpg 768w, https:\/\/dr-diana.com\/wp-content\/uploads\/2020\/05\/diana-about2-705x338.jpg 705w\" sizes=\"(max-width: 1500px) 100vw, 1500px\" \/><\/div><\/div><\/div>\n<\/div><\/div>\n<\/div>","protected":false},"excerpt":{"rendered":"","protected":false},"author":1,"featured_media":0,"parent":0,"menu_order":0,"comment_status":"closed","ping_status":"closed","template":"","meta":{"footnotes":""},"class_list":["post-342","page","type-page","status-publish","hentry"],"_links":{"self":[{"href":"https:\/\/dr-diana.com\/es\/wp-json\/wp\/v2\/pages\/342","targetHints":{"allow":["GET"]}}],"collection":[{"href":"https:\/\/dr-diana.com\/es\/wp-json\/wp\/v2\/pages"}],"about":[{"href":"https:\/\/dr-diana.com\/es\/wp-json\/wp\/v2\/types\/page"}],"author":[{"embeddable":true,"href":"https:\/\/dr-diana.com\/es\/wp-json\/wp\/v2\/users\/1"}],"replies":[{"embeddable":true,"href":"https:\/\/dr-diana.com\/es\/wp-json\/wp\/v2\/comments?post=342"}],"version-history":[{"count":26,"href":"https:\/\/dr-diana.com\/es\/wp-json\/wp\/v2\/pages\/342\/revisions"}],"predecessor-version":[{"id":1042,"href":"https:\/\/dr-diana.com\/es\/wp-json\/wp\/v2\/pages\/342\/revisions\/1042"}],"wp:attachment":[{"href":"https:\/\/dr-diana.com\/es\/wp-json\/wp\/v2\/media?parent=342"}],"curies":[{"name":"wp","href":"https:\/\/api.w.org\/{rel}","templated":true}]}}