{"id":206,"date":"2015-07-14T14:50:10","date_gmt":"2015-07-14T14:50:10","guid":{"rendered":"http:\/\/test.kriesi.at\/minimal-portfolio\/?page_id=9"},"modified":"2023-01-10T21:32:49","modified_gmt":"2023-01-10T21:32:49","slug":"inicio","status":"publish","type":"page","link":"https:\/\/dr-diana.com\/es\/","title":{"rendered":"Inicio"},"content":{"rendered":"<div id='full_slider_1'  class='avia-fullwidth-slider main_color avia-shadow   avia-builder-el-0  el_before_av_image  avia-builder-el-first   container_wrap fullsize'  ><div  class='avia-slideshow av-75ao6e-b78aca837298cc4eeb6cfdc9280190f6 avia-slideshow-no scaling av_slideshow_full avia-fade-slider av-slideshow-ui av-control-minimal av-slideshow-manual av-loop-once av-loop-manual-endless   avia-slideshow-1' data-slideshow-options=\"{&quot;animation&quot;:&quot;fade&quot;,&quot;autoplay&quot;:false,&quot;loop_autoplay&quot;:&quot;once&quot;,&quot;interval&quot;:5,&quot;loop_manual&quot;:&quot;manual-endless&quot;,&quot;autoplay_stopper&quot;:false,&quot;noNavigation&quot;:false,&quot;bg_slider&quot;:false,&quot;keep_padding&quot;:false,&quot;hoverpause&quot;:false,&quot;show_slide_delay&quot;:0}\"  itemprop=\"image\" itemscope=\"itemscope\" itemtype=\"https:\/\/schema.org\/ImageObject\" ><ul class='avia-slideshow-inner' ><li  data-controls='' data-mute='aviaTBaviaTBvideo_mute' data-loop='aviaTBaviaTBvideo_loop' data-disable-autoplay=''  data-video-ratio='1.7777777777778' class='avia-slideshow-slide av-75ao6e-b78aca837298cc4eeb6cfdc9280190f6__0  av-video-slide  av-video-service-youtube  av-mute-video av-loop-video av-mobile-fallback-image  av-single-slide slide-1 slide-odd'><div data-rel='slideshow-1' class='avia-slide-wrap'   ><div class='av-slideshow-caption av-75ao6e-b78aca837298cc4eeb6cfdc9280190f6__0 caption_fullwidth caption_bottom'><div class=\"container caption_container\"><div class=\"slideshow_caption\"><div class=\"slideshow_inner_caption\"><div class=\"slideshow_align_caption\"><div class='avia-caption-content'  itemprop=\"description\" ><p>Diana Dizdarevic<br \/>\nAuthor &#038; Motivational Speaker<\/p>\n<\/div><\/div><\/div><\/div><\/div><\/div><div class='av-click-overlay'><\/div><div class='mejs-mediaelement'  itemprop=\"video\" itemtype=\"https:\/\/schema.org\/VideoObject\" ><div height='1600' width='900' class='av_youtube_frame' id='player_206_144499491_1279590378'  data-autoplay='0'  data-videoid='nvGHz3vTsHk'  data-hd='1'  data-rel='0'  data-wmode='opaque'  data-loop='0'  data-version='3'  data-autohide='1'  data-color='white'  data-controls='1'  data-iv_load_policy='3'  data-original_url='https:\/\/www.youtube.com\/watch?v=nvGHz3vTsHk' ><\/div><\/div><div class='av-section-color-overlay' style='opacity: 0.5; background-color: #000000; '><\/div><div class=\"av-click-to-play-overlay\"><div class=\"avia_playpause_icon\"><\/div><\/div><\/div><\/li><\/ul><\/div><\/div><div id='after_full_slider_1'  class='main_color av_default_container_wrap container_wrap fullsize'  ><div class='container av-section-cont-open' ><div class='template-page content  av-content-full alpha units'><div class='post-entry post-entry-type-page post-entry-206'><div class='entry-content-wrapper clearfix'>\n\n<style type=\"text\/css\" data-created_by=\"avia_inline_auto\" id=\"style-css-av-kbo1zx67-012c5f88d866c881891f2bba9078a3c5\">\n.avia-image-container.av-kbo1zx67-012c5f88d866c881891f2bba9078a3c5 img.avia_image{\nbox-shadow:none;\n}\n.avia-image-container.av-kbo1zx67-012c5f88d866c881891f2bba9078a3c5 .av-image-caption-overlay-center{\ncolor:#ffffff;\n}\n<\/style>\n<div  class='avia-image-container av-kbo1zx67-012c5f88d866c881891f2bba9078a3c5 av-styling- avia-align-center  avia-builder-el-1  el_after_av_slideshow_full  el_before_av_section  avia-builder-el-no-sibling'   itemprop=\"image\" itemscope=\"itemscope\" itemtype=\"https:\/\/schema.org\/ImageObject\" ><div class=\"avia-image-container-inner\"><div class=\"avia-image-overlay-wrap\"><img decoding=\"async\" fetchpriority=\"high\" class='wp-image-636 avia-img-lazy-loading-not-636 avia_image' src=\"https:\/\/dr-diana.com\/wp-content\/uploads\/2020\/06\/logos-all2.jpg\" alt='' title='logos-all2'  height=\"92\" width=\"720\"  itemprop=\"thumbnailUrl\" srcset=\"https:\/\/dr-diana.com\/wp-content\/uploads\/2020\/06\/logos-all2.jpg 720w, https:\/\/dr-diana.com\/wp-content\/uploads\/2020\/06\/logos-all2-300x38.jpg 300w, https:\/\/dr-diana.com\/wp-content\/uploads\/2020\/06\/logos-all2-710x92.jpg 710w, https:\/\/dr-diana.com\/wp-content\/uploads\/2020\/06\/logos-all2-705x90.jpg 705w, https:\/\/dr-diana.com\/wp-content\/uploads\/2020\/06\/logos-all2-600x77.jpg 600w\" sizes=\"(max-width: 720px) 100vw, 720px\" \/><\/div><\/div><\/div>\n<\/div><\/div><\/div><!-- close content main div --><\/div><\/div><div id='av_section_1'  class='avia-section av-6n5him-d6cc1a95ac6bd1569d8633c00549be8f main_color avia-section-huge avia-no-border-styling  avia-builder-el-2  el_after_av_image  el_before_av_section  avia-bg-style-scroll container_wrap fullsize'  ><div class='container av-section-cont-open' ><div class='template-page content  av-content-full alpha units'><div class='post-entry post-entry-type-page post-entry-206'><div class='entry-content-wrapper clearfix'>\n\n<style type=\"text\/css\" data-created_by=\"avia_inline_auto\" id=\"style-css-av-kccs75a2-264004d64280bd4e8cc3ce6cb0718579\">\n#top .av-special-heading.av-kccs75a2-264004d64280bd4e8cc3ce6cb0718579{\npadding-bottom:19px;\nfont-size:30px;\n}\nbody .av-special-heading.av-kccs75a2-264004d64280bd4e8cc3ce6cb0718579 .av-special-heading-tag .heading-char{\nfont-size:25px;\n}\n#top #wrap_all .av-special-heading.av-kccs75a2-264004d64280bd4e8cc3ce6cb0718579 .av-special-heading-tag{\nfont-size:30px;\n}\n.av-special-heading.av-kccs75a2-264004d64280bd4e8cc3ce6cb0718579 .av-subheading{\nfont-size:15px;\n}\n\n@media only screen and (min-width: 480px) and (max-width: 767px){ \n#top #wrap_all .av-special-heading.av-kccs75a2-264004d64280bd4e8cc3ce6cb0718579 .av-special-heading-tag{\nfont-size:0.8em;\n}\n}\n\n@media only screen and (max-width: 479px){ \n#top #wrap_all .av-special-heading.av-kccs75a2-264004d64280bd4e8cc3ce6cb0718579 .av-special-heading-tag{\nfont-size:0.8em;\n}\n}\n<\/style>\n<div  class='av-special-heading av-kccs75a2-264004d64280bd4e8cc3ce6cb0718579 av-special-heading-h1 blockquote modern-quote modern-centered  avia-builder-el-3  el_before_av_one_fifth  avia-builder-el-first  av-inherit-size'><h1 class='av-special-heading-tag'  itemprop=\"headline\"  >My life mission is to take people on a magical journey of transformation that allows them to discover their life purpose, through techniques to awaken their inner power and manifest the life they want.<\/h1><div class=\"special-heading-border\"><div class=\"special-heading-inner-border\"><\/div><\/div><\/div>\n\n<style type=\"text\/css\" data-created_by=\"avia_inline_auto\" id=\"style-css-av-6g4qr2-42a6f35c699c0134183f90d144eccfe0\">\n.flex_column.av-6g4qr2-42a6f35c699c0134183f90d144eccfe0{\nborder-radius:0px 0px 0px 0px;\npadding:0px 0px 0px 0px;\n}\n<\/style>\n<div  class='flex_column av-6g4qr2-42a6f35c699c0134183f90d144eccfe0 av_one_fifth  avia-builder-el-4  el_after_av_heading  el_before_av_three_fifth  first flex_column_div av-zero-column-padding'     ><\/div>\n<style type=\"text\/css\" data-created_by=\"avia_inline_auto\" id=\"style-css-av-65vali-0de327b3106fe319e8622e693e9e7f1f\">\n.flex_column.av-65vali-0de327b3106fe319e8622e693e9e7f1f{\nborder-radius:0px 0px 0px 0px;\npadding:0px 0px 0px 0px;\n}\n<\/style>\n<div  class='flex_column av-65vali-0de327b3106fe319e8622e693e9e7f1f av_three_fifth  avia-builder-el-5  el_after_av_one_fifth  el_before_av_one_fifth  flex_column_div av-animated-generic bottom-to-top av-zero-column-padding'     ><p><section  class='av_textblock_section av-62ghau-142584f821b9762669e9ecd4795f71c0'   itemscope=\"itemscope\" itemtype=\"https:\/\/schema.org\/CreativeWork\" ><div class='avia_textblock'  itemprop=\"text\" ><\/div><\/section><br \/>\n\n<style type=\"text\/css\" data-created_by=\"avia_inline_auto\" id=\"style-css-av-5w5b26-ec3eb7bdb4e29231b4c87566d85da7fd\">\n#top .hr.av-5w5b26-ec3eb7bdb4e29231b4c87566d85da7fd{\nmargin-top:70px;\nmargin-bottom:70px;\n}\n.hr.av-5w5b26-ec3eb7bdb4e29231b4c87566d85da7fd .hr-inner{\nwidth:90px;\nmax-width:45%;\n}\n.hr.av-5w5b26-ec3eb7bdb4e29231b4c87566d85da7fd .av-seperator-icon{\ncolor:#e7b8b8;\n}\n<\/style>\n<div  class='hr av-5w5b26-ec3eb7bdb4e29231b4c87566d85da7fd hr-custom  avia-builder-el-7  el_after_av_textblock  avia-builder-el-last  hr-center hr-icon-yes'><span class='hr-inner inner-border-av-border-thin'><span class=\"hr-inner-style\"><\/span><\/span><span class='av-seperator-icon' aria-hidden='true' data-av_icon='\ue8b8' data-av_iconfont='entypo-fontello'><\/span><span class='hr-inner inner-border-av-border-thin'><span class=\"hr-inner-style\"><\/span><\/span><\/div><\/p><\/div>\n<style type=\"text\/css\" data-created_by=\"avia_inline_auto\" id=\"style-css-av-5o1966-8e8c6400a6ceaa0c46fa7aacd510a315\">\n.flex_column.av-5o1966-8e8c6400a6ceaa0c46fa7aacd510a315{\nborder-radius:0px 0px 0px 0px;\npadding:0px 0px 0px 0px;\n}\n<\/style>\n<div  class='flex_column av-5o1966-8e8c6400a6ceaa0c46fa7aacd510a315 av_one_fifth  avia-builder-el-8  el_after_av_three_fifth  avia-builder-el-last  flex_column_div av-zero-column-padding'     ><\/div><\/div><\/div><\/div><!-- close content main div --><\/div><\/div>\n<style type=\"text\/css\" data-created_by=\"avia_inline_auto\" id=\"style-css-av-czkpy-e1335bc92c2a44b6d2825c67b5e585dd\">\n.avia-section.av-czkpy-e1335bc92c2a44b6d2825c67b5e585dd .av-parallax .av-parallax-inner{\nbackground-color:#e8b8b8;\nbackground-image:url(https:\/\/dr-diana.com\/wp-content\/uploads\/2020\/06\/university.jpg);\nbackground-repeat:no-repeat;\nbackground-position:50% 50%;\nbackground-attachment:scroll;\n}\n.avia-section.av-czkpy-e1335bc92c2a44b6d2825c67b5e585dd .av-section-color-overlay{\nopacity:0.3;\nbackground-color:#000000;\n}\n<\/style>\n<div id='av_section_2'  class='avia-section av-czkpy-e1335bc92c2a44b6d2825c67b5e585dd main_color avia-section-large avia-no-border-styling  avia-builder-el-9  el_after_av_section  el_before_av_section  av-parallax-section avia-bg-style-parallax av-section-color-overlay-active av-minimum-height av-minimum-height-custom av-height-custom  container_wrap fullsize'  data-section-bg-repeat='no-repeat' data-av_minimum_height_px='355'><div class='av-parallax' data-avia-parallax-ratio='0.3' ><div class='av-parallax-inner main_color avia-full-stretch'><\/div><\/div><div class=\"av-section-color-overlay-wrap\"><div class=\"av-section-color-overlay\"><\/div><a href='#next-section' title='' class='scroll-down-link' aria-hidden='true' data-av_icon='\ue877' data-av_iconfont='entypo-fontello'><\/a><div class='container av-section-cont-open' style='height:355px'><div class='template-page content  av-content-full alpha units'><div class='post-entry post-entry-type-page post-entry-206'><div class='entry-content-wrapper clearfix'><\/p>\n<\/div><\/div><\/div><!-- close content main div --><\/div><\/div><\/div>\n<style type=\"text\/css\" data-created_by=\"avia_inline_auto\" id=\"style-css-av-7vbs8y-bfff7e768b1cd6671acf37592814be39\">\n.avia-section.av-7vbs8y-bfff7e768b1cd6671acf37592814be39{\nbackground-color:#ffffff;\nbackground-image:unset;\n}\n<\/style>\n<div id='av_section_3'  class='avia-section av-7vbs8y-bfff7e768b1cd6671acf37592814be39 main_color avia-section-huge avia-no-border-styling  avia-builder-el-10  el_after_av_section  el_before_av_section  avia-bg-style-scroll container_wrap fullsize'  ><div class='container av-section-cont-open' ><div class='template-page content  av-content-full alpha units'><div class='post-entry post-entry-type-page post-entry-206'><div class='entry-content-wrapper clearfix'>\n<section  class='av_textblock_section av-kbyod1zw-b96857dbde59f084d82100ac00269d85'   itemscope=\"itemscope\" itemtype=\"https:\/\/schema.org\/CreativeWork\" ><div class='avia_textblock'  itemprop=\"text\" ><h1 style=\"text-align: center;\">L\u00edder que empodera, inspira y transforma<\/h1>\n<\/div><\/section>\n\n<\/div><\/div><\/div><!-- close content main div --><\/div><\/div>\n<style type=\"text\/css\" data-created_by=\"avia_inline_auto\" id=\"style-css-av-czkpy-2-8702bf4461cb8a2decad9c44b35afb31\">\n.avia-section.av-czkpy-2-8702bf4461cb8a2decad9c44b35afb31 .av-parallax .av-parallax-inner{\nbackground-color:#e8b8b8;\nbackground-image:url(https:\/\/dr-diana.com\/wp-content\/uploads\/2020\/06\/DD.jpg);\nbackground-repeat:no-repeat;\nbackground-position:50% 50%;\nbackground-attachment:scroll;\n}\n.avia-section.av-czkpy-2-8702bf4461cb8a2decad9c44b35afb31 .av-section-color-overlay{\nopacity:0.3;\nbackground-color:#000000;\n}\n<\/style>\n<div id='av_section_4'  class='avia-section av-czkpy-2-8702bf4461cb8a2decad9c44b35afb31 main_color avia-section-large avia-no-border-styling  avia-builder-el-12  el_after_av_section  el_before_av_section  av-parallax-section avia-bg-style-parallax av-section-color-overlay-active av-minimum-height av-minimum-height-custom av-height-custom  container_wrap fullsize'  data-section-bg-repeat='no-repeat' data-av_minimum_height_px='355'><div class='av-parallax' data-avia-parallax-ratio='0.3' ><div class='av-parallax-inner main_color avia-full-stretch'><\/div><\/div><div class=\"av-section-color-overlay-wrap\"><div class=\"av-section-color-overlay\"><\/div><a href='#next-section' title='' class='scroll-down-link' aria-hidden='true' data-av_icon='\ue877' data-av_iconfont='entypo-fontello'><\/a><div class='container av-section-cont-open' style='height:355px'><div class='template-page content  av-content-full alpha units'><div class='post-entry post-entry-type-page post-entry-206'><div class='entry-content-wrapper clearfix'>\n<\/div><\/div><\/div><!-- close content main div --><\/div><\/div><\/div><div id='av_section_5'  class='avia-section av-apj0m-510bc8ed22fd00ac477ae0a47fbe72ea main_color avia-section-default avia-no-border-styling  avia-builder-el-13  el_after_av_section  el_before_av_section  avia-bg-style-scroll container_wrap fullsize'  ><div class='container av-section-cont-open' ><div class='template-page content  av-content-full alpha units'><div class='post-entry post-entry-type-page post-entry-206'><div class='entry-content-wrapper clearfix'>\n<section  class='av_textblock_section av-kc2qwj0l-83e027ec384a0aed32d1ad495e55da0e'   itemscope=\"itemscope\" itemtype=\"https:\/\/schema.org\/CreativeWork\" ><div class='avia_textblock'  itemprop=\"text\" ><h1 style=\"text-align: center;\"><br class=\"avia-permanent-lb\" \/>Nuestra cultura es un legado que trasciende<\/h1>\n<\/div><\/section>\n\n<\/div><\/div><\/div><!-- close content main div --><\/div><\/div><div id='av_section_6'  class='avia-section av-6n5him-3-893df4cd12b6ac1d776bf80932fa0825 main_color avia-section-huge avia-no-border-styling  avia-builder-el-15  el_after_av_section  avia-builder-el-last  avia-bg-style-scroll container_wrap fullsize'  ><div class='container av-section-cont-open' ><div class='template-page content  av-content-full alpha units'><div class='post-entry post-entry-type-page post-entry-206'><div class='entry-content-wrapper clearfix'>\n\n<style type=\"text\/css\" data-created_by=\"avia_inline_auto\" id=\"style-css-av-5hb8za-b2abf69f09fca5b1ffbe40742072fbf4\">\n.flex_column.av-5hb8za-b2abf69f09fca5b1ffbe40742072fbf4{\nborder-radius:0px 0px 0px 0px;\npadding:0px 0px 0px 0px;\n}\n<\/style>\n<div  class='flex_column av-5hb8za-b2abf69f09fca5b1ffbe40742072fbf4 av_one_third  avia-builder-el-16  el_before_av_one_third  avia-builder-el-first  first flex_column_div av-animated-generic bottom-to-top av-zero-column-padding'     ><p>\n<style type=\"text\/css\" data-created_by=\"avia_inline_auto\" id=\"style-css-av-jjrt2-344f9302f170fef41477aa07af111735\">\n.avia-image-container.av-jjrt2-344f9302f170fef41477aa07af111735 img.avia_image{\nbox-shadow:none;\n}\n.avia-image-container.av-jjrt2-344f9302f170fef41477aa07af111735 .av-image-caption-overlay-center{\ncolor:#ffffff;\n}\n<\/style>\n<div  class='avia-image-container av-jjrt2-344f9302f170fef41477aa07af111735 av-styling-no-styling av-hover-grow avia-align-center  avia-builder-el-17  el_before_av_heading  avia-builder-el-first'   itemprop=\"image\" itemscope=\"itemscope\" itemtype=\"https:\/\/schema.org\/ImageObject\" ><div class=\"avia-image-container-inner\"><div class=\"avia-image-overlay-wrap\"><a href=\"https:\/\/dr-diana.com\/es\/about\/\" class='avia_image'  ><img decoding=\"async\" fetchpriority=\"high\" class='wp-image-729 avia-img-lazy-loading-not-729 avia_image' src=\"https:\/\/dr-diana.com\/wp-content\/uploads\/2020\/06\/C-copy-2-scaled.jpg\" alt='' title=''  height=\"1920\" width=\"2560\"  itemprop=\"thumbnailUrl\" srcset=\"https:\/\/dr-diana.com\/wp-content\/uploads\/2020\/06\/C-copy-2-scaled.jpg 2560w, https:\/\/dr-diana.com\/wp-content\/uploads\/2020\/06\/C-copy-2-300x225.jpg 300w, https:\/\/dr-diana.com\/wp-content\/uploads\/2020\/06\/C-copy-2-1030x773.jpg 1030w, https:\/\/dr-diana.com\/wp-content\/uploads\/2020\/06\/C-copy-2-768x576.jpg 768w, https:\/\/dr-diana.com\/wp-content\/uploads\/2020\/06\/C-copy-2-1536x1152.jpg 1536w, https:\/\/dr-diana.com\/wp-content\/uploads\/2020\/06\/C-copy-2-2048x1536.jpg 2048w, https:\/\/dr-diana.com\/wp-content\/uploads\/2020\/06\/C-copy-2-1500x1125.jpg 1500w, https:\/\/dr-diana.com\/wp-content\/uploads\/2020\/06\/C-copy-2-705x529.jpg 705w, https:\/\/dr-diana.com\/wp-content\/uploads\/2020\/06\/C-copy-2-600x450.jpg 600w\" sizes=\"(max-width: 2560px) 100vw, 2560px\" \/><\/a><\/div><\/div><\/div><br \/>\n\n<style type=\"text\/css\" data-created_by=\"avia_inline_auto\" id=\"style-css-av-jki1i-fe5898794b3c4199e22474e723c1da8d\">\n#top .av-special-heading.av-jki1i-fe5898794b3c4199e22474e723c1da8d{\npadding-bottom:10px;\n}\nbody .av-special-heading.av-jki1i-fe5898794b3c4199e22474e723c1da8d .av-special-heading-tag .heading-char{\nfont-size:25px;\n}\n.av-special-heading.av-jki1i-fe5898794b3c4199e22474e723c1da8d .av-subheading{\nfont-size:15px;\n}\n<\/style>\n<div  class='av-special-heading av-jki1i-fe5898794b3c4199e22474e723c1da8d av-special-heading-h1 blockquote classic-quote  avia-builder-el-18  el_after_av_image  el_before_av_textblock'><h1 class='av-special-heading-tag'  itemprop=\"headline\"  >Misi\u00f3n<\/h1><div class=\"special-heading-border\"><div class=\"special-heading-inner-border\"><\/div><\/div><\/div><br \/>\n<section  class='av_textblock_section av-525nry-774d117dc76886431422de0150a86a68'   itemscope=\"itemscope\" itemtype=\"https:\/\/schema.org\/CreativeWork\" ><div class='avia_textblock'  itemprop=\"text\" ><p>Nuestro prop\u00f3sito es inspirar al mundo hacia el \u00e9xito, la felicidad y el bienestar, creando conciencia de que el valor de una persona nunca se pierde a pesar de las circunstancias, porque su vida es lo m\u00e1s importante.<\/p>\n<\/div><\/section><\/p><\/div>\n<style type=\"text\/css\" data-created_by=\"avia_inline_auto\" id=\"style-css-av-1qs6u-74ae76154618fa8ce1fed1fe059bf2b7\">\n@keyframes av_boxShadowEffect_av-1qs6u-74ae76154618fa8ce1fed1fe059bf2b7-column {\n0%   { box-shadow:  0 0 0 0 #ffffff; opacity: 1; }\n100% { box-shadow:  0 0 10px 0 #ffffff; opacity: 1; }\n}\n.flex_column.av-1qs6u-74ae76154618fa8ce1fed1fe059bf2b7{\nbox-shadow: 0 0 10px 0 #ffffff;\nborder-radius:0px 0px 0px 0px;\npadding:0px 0px 0px 0px;\nbackground-color:#ffffff;\n}\n<\/style>\n<div  class='flex_column av-1qs6u-74ae76154618fa8ce1fed1fe059bf2b7 av_one_third  avia-builder-el-20  el_after_av_one_third  el_before_av_one_third  flex_column_div av-animated-generic bottom-to-top shadow-not-animated av-zero-column-padding'     ><p>\n<style type=\"text\/css\" data-created_by=\"avia_inline_auto\" id=\"style-css-av-jjrt2-1-fe67cbdb085596037b2d4a1c4821737d\">\n.avia-image-container.av-jjrt2-1-fe67cbdb085596037b2d4a1c4821737d img.avia_image{\nbox-shadow:none;\n}\n.avia-image-container.av-jjrt2-1-fe67cbdb085596037b2d4a1c4821737d .av-image-caption-overlay-center{\ncolor:#ffffff;\n}\n<\/style>\n<div  class='avia-image-container av-jjrt2-1-fe67cbdb085596037b2d4a1c4821737d av-styling-no-styling av-hover-grow avia-align-center  avia-builder-el-21  el_before_av_heading  avia-builder-el-first'   itemprop=\"image\" itemscope=\"itemscope\" itemtype=\"https:\/\/schema.org\/ImageObject\" ><div class=\"avia-image-container-inner\"><div class=\"avia-image-overlay-wrap\"><a href=\"https:\/\/dr-diana.com\/es\/about\/\" class='avia_image'  ><img decoding=\"async\" fetchpriority=\"high\" class='wp-image-733 avia-img-lazy-loading-not-733 avia_image' src=\"https:\/\/dr-diana.com\/wp-content\/uploads\/2020\/06\/Mision.jpg\" alt='' title=''  height=\"1536\" width=\"2048\"  itemprop=\"thumbnailUrl\" srcset=\"https:\/\/dr-diana.com\/wp-content\/uploads\/2020\/06\/Mision.jpg 2048w, https:\/\/dr-diana.com\/wp-content\/uploads\/2020\/06\/Mision-300x225.jpg 300w, https:\/\/dr-diana.com\/wp-content\/uploads\/2020\/06\/Mision-1030x773.jpg 1030w, https:\/\/dr-diana.com\/wp-content\/uploads\/2020\/06\/Mision-768x576.jpg 768w, https:\/\/dr-diana.com\/wp-content\/uploads\/2020\/06\/Mision-1536x1152.jpg 1536w, https:\/\/dr-diana.com\/wp-content\/uploads\/2020\/06\/Mision-1500x1125.jpg 1500w, https:\/\/dr-diana.com\/wp-content\/uploads\/2020\/06\/Mision-705x529.jpg 705w, https:\/\/dr-diana.com\/wp-content\/uploads\/2020\/06\/Mision-600x450.jpg 600w\" sizes=\"(max-width: 2048px) 100vw, 2048px\" \/><\/a><\/div><\/div><\/div><br \/>\n\n<style type=\"text\/css\" data-created_by=\"avia_inline_auto\" id=\"style-css-av-g646e-7d0d9c103d35bdf021492b281b4be8e1\">\n#top .av-special-heading.av-g646e-7d0d9c103d35bdf021492b281b4be8e1{\npadding-bottom:5px;\ncolor:#000000;\n}\nbody .av-special-heading.av-g646e-7d0d9c103d35bdf021492b281b4be8e1 .av-special-heading-tag .heading-char{\nfont-size:25px;\n}\n.av-special-heading.av-g646e-7d0d9c103d35bdf021492b281b4be8e1 .special-heading-inner-border{\nborder-color:#000000;\n}\n.av-special-heading.av-g646e-7d0d9c103d35bdf021492b281b4be8e1 .av-subheading{\nfont-size:15px;\n}\n<\/style>\n<div  class='av-special-heading av-g646e-7d0d9c103d35bdf021492b281b4be8e1 av-special-heading-h1 custom-color-heading blockquote classic-quote  avia-builder-el-22  el_after_av_image  el_before_av_textblock'><h1 class='av-special-heading-tag'  itemprop=\"headline\"  >Visi\u00f3n<\/h1><div class=\"special-heading-border\"><div class=\"special-heading-inner-border\"><\/div><\/div><\/div><br \/>\n<section  class='av_textblock_section av-4bpo66-a0f3eab38d68ff2579b9382708f407dd'   itemscope=\"itemscope\" itemtype=\"https:\/\/schema.org\/CreativeWork\" ><div class='avia_textblock'  itemprop=\"text\" ><p style=\"text-align: left;\">Proporcionar desarrollo personal y organizacional a trav\u00e9s de un empoderamiento que promueva una nueva realidad para vivir en abundancia, motivaci\u00f3n y entusiasmo, creando l\u00edderes comprometidos con el cambio.<\/p>\n<\/div><\/section><\/p><\/div>\n<style type=\"text\/css\" data-created_by=\"avia_inline_auto\" id=\"style-css-av-496xyu-406c5d8ed890ded72cf3e613865792e2\">\n.flex_column.av-496xyu-406c5d8ed890ded72cf3e613865792e2{\nborder-radius:0px 0px 0px 0px;\npadding:0px 0px 0px 0px;\n}\n<\/style>\n<div  class='flex_column av-496xyu-406c5d8ed890ded72cf3e613865792e2 av_one_third  avia-builder-el-24  el_after_av_one_third  avia-builder-el-last  flex_column_div av-animated-generic bottom-to-top av-zero-column-padding'     ><p>\n<style type=\"text\/css\" data-created_by=\"avia_inline_auto\" id=\"style-css-av-432kbq-cc2f2e3afebcf3a8b1eb446d35da25ed\">\n.avia-image-container.av-432kbq-cc2f2e3afebcf3a8b1eb446d35da25ed img.avia_image{\nbox-shadow:none;\n}\n.avia-image-container.av-432kbq-cc2f2e3afebcf3a8b1eb446d35da25ed .av-image-caption-overlay-center{\ncolor:#ffffff;\n}\n<\/style>\n<div  class='avia-image-container av-432kbq-cc2f2e3afebcf3a8b1eb446d35da25ed av-styling-no-styling av-hover-grow avia-align-center  avia-builder-el-25  el_before_av_heading  avia-builder-el-first'   itemprop=\"image\" itemscope=\"itemscope\" itemtype=\"https:\/\/schema.org\/ImageObject\" ><div class=\"avia-image-container-inner\"><div class=\"avia-image-overlay-wrap\"><a href=\"https:\/\/dr-diana.com\/es\/contact\/\" class='avia_image'  ><img decoding=\"async\" fetchpriority=\"high\" class='wp-image-736 avia-img-lazy-loading-not-736 avia_image' src=\"https:\/\/dr-diana.com\/wp-content\/uploads\/2020\/06\/the-values.jpg\" alt='' title=''  height=\"1418\" width=\"2048\"  itemprop=\"thumbnailUrl\" srcset=\"https:\/\/dr-diana.com\/wp-content\/uploads\/2020\/06\/the-values.jpg 2048w, https:\/\/dr-diana.com\/wp-content\/uploads\/2020\/06\/the-values-300x208.jpg 300w, https:\/\/dr-diana.com\/wp-content\/uploads\/2020\/06\/the-values-1030x713.jpg 1030w, https:\/\/dr-diana.com\/wp-content\/uploads\/2020\/06\/the-values-768x532.jpg 768w, https:\/\/dr-diana.com\/wp-content\/uploads\/2020\/06\/the-values-1536x1064.jpg 1536w, https:\/\/dr-diana.com\/wp-content\/uploads\/2020\/06\/the-values-1500x1039.jpg 1500w, https:\/\/dr-diana.com\/wp-content\/uploads\/2020\/06\/the-values-705x488.jpg 705w, https:\/\/dr-diana.com\/wp-content\/uploads\/2020\/06\/the-values-600x415.jpg 600w\" sizes=\"(max-width: 2048px) 100vw, 2048px\" \/><\/a><\/div><\/div><\/div><br \/>\n\n<style type=\"text\/css\" data-created_by=\"avia_inline_auto\" id=\"style-css-av-8qlry-7281e77eade85f8dc64b7c8a432e288a\">\n#top .av-special-heading.av-8qlry-7281e77eade85f8dc64b7c8a432e288a{\npadding-bottom:10px;\n}\nbody .av-special-heading.av-8qlry-7281e77eade85f8dc64b7c8a432e288a .av-special-heading-tag .heading-char{\nfont-size:25px;\n}\n.av-special-heading.av-8qlry-7281e77eade85f8dc64b7c8a432e288a .av-subheading{\nfont-size:15px;\n}\n<\/style>\n<div  class='av-special-heading av-8qlry-7281e77eade85f8dc64b7c8a432e288a av-special-heading-h1 custom-color-heading blockquote classic-quote  avia-builder-el-26  el_after_av_image  el_before_av_textblock'><h1 class='av-special-heading-tag'  itemprop=\"headline\"  >                Valores<\/h1><div class=\"special-heading-border\"><div class=\"special-heading-inner-border\"><\/div><\/div><\/div><br \/>\n<section  class='av_textblock_section av-dhwfy-f693434f21be6363ec2c5d71ea75c1a7'   itemscope=\"itemscope\" itemtype=\"https:\/\/schema.org\/CreativeWork\" ><div class='avia_textblock'  itemprop=\"text\" ><p>Nuestros valores son la proyecci\u00f3n de qui\u00e9nes somos, donde el comportamiento se transforma en acci\u00f3n gracias a la pasi\u00f3n, el liderazgo, la disciplina, la integridad, el compromiso y el trabajo en equipo para lograr resultados extraordinarios.<\/p>\n<\/div><\/section><\/p><\/div>","protected":false},"excerpt":{"rendered":"","protected":false},"author":1,"featured_media":0,"parent":0,"menu_order":0,"comment_status":"open","ping_status":"closed","template":"","meta":{"footnotes":""},"class_list":["post-206","page","type-page","status-publish","hentry"],"_links":{"self":[{"href":"https:\/\/dr-diana.com\/es\/wp-json\/wp\/v2\/pages\/206","targetHints":{"allow":["GET"]}}],"collection":[{"href":"https:\/\/dr-diana.com\/es\/wp-json\/wp\/v2\/pages"}],"about":[{"href":"https:\/\/dr-diana.com\/es\/wp-json\/wp\/v2\/types\/page"}],"author":[{"embeddable":true,"href":"https:\/\/dr-diana.com\/es\/wp-json\/wp\/v2\/users\/1"}],"replies":[{"embeddable":true,"href":"https:\/\/dr-diana.com\/es\/wp-json\/wp\/v2\/comments?post=206"}],"version-history":[{"count":115,"href":"https:\/\/dr-diana.com\/es\/wp-json\/wp\/v2\/pages\/206\/revisions"}],"predecessor-version":[{"id":1081,"href":"https:\/\/dr-diana.com\/es\/wp-json\/wp\/v2\/pages\/206\/revisions\/1081"}],"wp:attachment":[{"href":"https:\/\/dr-diana.com\/es\/wp-json\/wp\/v2\/media?parent=206"}],"curies":[{"name":"wp","href":"https:\/\/api.w.org\/{rel}","templated":true}]}}